{"id":1248,"date":"2026-04-28T19:59:46","date_gmt":"2026-04-28T19:59:46","guid":{"rendered":"https:\/\/khaki-eland-433122.hostingersite.com\/services\/"},"modified":"2026-05-13T00:13:41","modified_gmt":"2026-05-13T00:13:41","slug":"services","status":"publish","type":"page","link":"https:\/\/coastalwebdata.com\/es\/services\/","title":{"rendered":"Servicios"},"content":{"rendered":"<div data-elementor-type=\"wp-page\" data-elementor-id=\"1248\" class=\"elementor elementor-1248\">\n\t\t\t\t<div class=\"elementor-element elementor-element-3e8f33b9 e-flex e-con-boxed e-con e-parent\" data-id=\"3e8f33b9\" data-element_type=\"container\" data-e-type=\"container\">\n\t\t\t\t\t<div class=\"e-con-inner\">\n\t\t\t\t<div class=\"elementor-element elementor-element-739f9351 elementor-widget elementor-widget-text-editor\" data-id=\"739f9351\" data-element_type=\"widget\" data-e-type=\"widget\" data-widget_type=\"text-editor.default\">\n\t\t\t\t\t\t\t\t\t\n<div class=\"wp-block-uagb-container uagb-block-259e360b alignfull uagb-is-root-container\">\n<div class=\"uagb-container-inner-blocks-wrap\">\n<div class=\"wp-block-uagb-info-box uagb-block-1f8d3237 uagb-infobox__content-wrap  uagb-infobox-icon-above-title uagb-infobox-image-valign-top\">\n<div class=\"uagb-ifb-content\">\n<div class=\"uagb-ifb-title-wrap\"><span class=\"uagb-ifb-title-prefix\">Dise\u00f1o Web y Marketing Digital<\/span>\n<h1 class=\"uagb-ifb-title\">Nuestros Servicios Especializados<\/h1>\n<\/div>\n<\/div>\n<\/div>\n\n\n\n<div class=\"wp-block-uagb-image alignleft uagb-block-440ed655 wp-block-uagb-image--layout-default wp-block-uagb-image--effect-static wp-block-uagb-image--align-left\">\n<figure class=\"wp-block-uagb-image__figure\"><img fetchpriority=\"high\" decoding=\"async\" class=\"uag-image-14\" title=\"\" role=\"img\" src=\"https:\/\/coastalwebdata.com\/wp-content\/uploads\/2026\/04\/pexels-photo-35501997.jpeg\" sizes=\"(max-width: 480px) 150px\" srcset=\"https:\/\/coastalwebdata.com\/wp-content\/uploads\/2026\/04\/pexels-photo-35501997.jpeg ,http:\/\/coastalwebdata.com\/wp-content\/uploads\/2024\/02\/services-header.jpg 780w, http:\/\/coastalwebdata.com\/wp-content\/uploads\/2024\/02\/services-header.jpg 360w\" alt=\"A tablet displaying a candlestick chart with a laptop screen showing stock market data for financial analysis.\" width=\"1200\" height=\"550\" \/><\/figure>\n<\/div>\n<\/div>\n<\/div>\n\n\n\n<div class=\"wp-block-uagb-container uagb-block-88915b9b alignfull uagb-is-root-container\">\n<div class=\"uagb-container-inner-blocks-wrap\">\n<div class=\"wp-block-uagb-info-box uagb-block-8abb1f8c uagb-infobox__content-wrap  uagb-infobox-icon-above-title uagb-infobox-image-valign-top\">\n<div class=\"uagb-ifb-content\">\n<div class=\"uagb-ifb-separator\">\u00a0<\/div>\n<div class=\"uagb-ifb-title-wrap\">\n<h2 class=\"uagb-ifb-title\">Nuestros Servicios Completos<\/h2>\n<\/div>\n<\/div>\n<\/div>\n\n\n\n<div class=\"wp-block-uagb-container uagb-block-73eb7b15\">\n<div class=\"wp-block-uagb-container uagb-block-52df7f6d\">\n<div class=\"wp-block-uagb-container uagb-block-81e1d008\">\n<div class=\"wp-block-uagb-info-box uagb-block-a9cd3cc3 uagb-infobox__content-wrap  uagb-infobox-icon-above-title uagb-infobox-image-valign-top\">\n<div class=\"uagb-ifb-content\">\n<div class=\"uagb-ifb-title-wrap\">\n<h3 class=\"uagb-ifb-title\">Servicios de Dise\u00f1o Web<\/h3>\n<\/div>\n<p class=\"uagb-ifb-desc\">Creamos sitios web atractivos y f\u00e1ciles de usar que reflejan la identidad de tu marca. Desde solo $400, nuestros dise\u00f1os garantizan que los peque\u00f1os negocios locales tengan una s\u00f3lida presencia en l\u00ednea para atraer clientes.<\/p>\n<div class=\"uagb-ifb-button-wrapper wp-block-button\"><a class=\"uagb-infobox-cta-link wp-block-button__link\" href=\"\/es\/contact\/\" target=\"_self\" rel=\"noopener noreferrer\"><span class=\"uagb-inline-editing\">Saber M\u00e1s<\/span><\/a><\/div>\n<\/div>\n<\/div>\n<\/div>\n\n\n\n<div class=\"wp-block-uagb-container uagb-block-ea2f9108\">\n<div class=\"wp-block-uagb-image alignleft uagb-block-a54eb0d0 wp-block-uagb-image--layout-default wp-block-uagb-image--effect-static wp-block-uagb-image--align-left\">\n<figure class=\"wp-block-uagb-image__figure\"><img decoding=\"async\" class=\"uag-image-15\" title=\"\" role=\"img\" src=\"https:\/\/coastalwebdata.com\/wp-content\/uploads\/2026\/04\/pexels-photo-5717727.jpeg\" sizes=\"(max-width: 480px) 150px\" srcset=\"https:\/\/coastalwebdata.com\/wp-content\/uploads\/2026\/04\/pexels-photo-5717727.jpeg ,https:\/\/coastalwebdata.com\/wp-content\/uploads\/2026\/04\/pexels-photo-5717727.jpeg 780w, https:\/\/coastalwebdata.com\/wp-content\/uploads\/2026\/04\/pexels-photo-5717727.jpeg 360w\" alt=\"Man working on a laptop analyzing financial data with graphs in an office environment.\" width=\"600\" height=\"420\" \/><\/figure>\n<\/div>\n<\/div>\n<\/div>\n\n\n\n<div class=\"wp-block-uagb-container uagb-block-415bb029\">\n<div class=\"wp-block-uagb-container uagb-block-2d95e7f7\">\n<div class=\"wp-block-uagb-image alignleft uagb-block-d91d06bd wp-block-uagb-image--layout-default wp-block-uagb-image--effect-static wp-block-uagb-image--align-left\">\n<figure class=\"wp-block-uagb-image__figure\"><img decoding=\"async\" class=\"uag-image-16\" title=\"\" role=\"img\" src=\"https:\/\/coastalwebdata.com\/wp-content\/uploads\/2026\/04\/pexels-photo-4872017.jpeg\" sizes=\"(max-width: 480px) 150px\" srcset=\"https:\/\/coastalwebdata.com\/wp-content\/uploads\/2026\/04\/pexels-photo-4872017.jpeg ,https:\/\/coastalwebdata.com\/wp-content\/uploads\/2026\/04\/pexels-photo-4872017.jpeg 780w, https:\/\/coastalwebdata.com\/wp-content\/uploads\/2026\/04\/pexels-photo-4872017.jpeg 360w\" alt=\"A diverse group of colleagues in a meeting in a modern office setting.\" width=\"600\" height=\"420\" \/><\/figure>\n<\/div>\n<\/div>\n\n\n\n<div class=\"wp-block-uagb-container uagb-block-d3affa90\">\n<div class=\"wp-block-uagb-info-box uagb-block-d38f1ac5 uagb-infobox__content-wrap  uagb-infobox-icon-above-title uagb-infobox-image-valign-top\">\n<div class=\"uagb-ifb-content\">\n<div class=\"uagb-ifb-title-wrap\">\n<h3 class=\"uagb-ifb-title\">Planes de Gesti\u00f3n Mensual<\/h3>\n<\/div>\n<p class=\"uagb-ifb-desc\">Nuestros planes mensuales personalizables comienzan desde $150\/mes. Incluyen actualizaciones del sitio web, optimizaci\u00f3n SEO y anal\u00edticas detalladas, asegurando que tu sitio permanezca relevante e impactante para alcanzar a tu audiencia objetivo.<\/p>\n<div class=\"uagb-ifb-button-wrapper wp-block-button\"><a class=\"uagb-infobox-cta-link wp-block-button__link\" href=\"\/es\/contact\/\" target=\"_self\" rel=\"noopener noreferrer\"><span class=\"uagb-inline-editing\">Saber M\u00e1s<\/span><\/a><\/div>\n<\/div>\n<\/div>\n<\/div>\n<\/div>\n\n\n\n<div class=\"wp-block-uagb-container uagb-block-8f232885\">\n<div class=\"wp-block-uagb-container uagb-block-c06802bb\">\n<div class=\"wp-block-uagb-info-box uagb-block-74867362 uagb-infobox__content-wrap  uagb-infobox-icon-above-title uagb-infobox-image-valign-top\">\n<div class=\"uagb-ifb-content\">\n<div class=\"uagb-ifb-title-wrap\">\n<h3 class=\"uagb-ifb-title\"><img loading=\"lazy\" decoding=\"async\" class=\"size-full wp-image-17 alignright\" src=\"https:\/\/coastalwebdata.com\/wp-content\/uploads\/2026\/04\/pexels-photo-16129700.jpeg\" alt=\"Man working on web design at home office setup with dual monitors.\" width=\"700\" height=\"933\" srcset=\"https:\/\/coastalwebdata.com\/wp-content\/uploads\/2026\/04\/pexels-photo-16129700.jpeg 700w, https:\/\/coastalwebdata.com\/wp-content\/uploads\/2026\/04\/pexels-photo-16129700-225x300.jpeg 225w\" sizes=\"(max-width: 700px) 100vw, 700px\" \/>Optimizaci\u00f3n SEO<\/h3>\n<\/div>\n<p class=\"uagb-ifb-desc\">Aumenta tu visibilidad en Google con estrategias de SEO local adaptadas para negocios en Wilmington, Brunswick y Pender. Te ayudamos a posicionarte mejor y atraer a los clientes correctos.<\/p>\n<\/div>\n<p><a class=\"uagb-infobox-cta-link wp-block-button__link\" style=\"font-size: 16px; background-color: #ffffff;\" href=\"\/es\/contact\/\" target=\"_self\" rel=\"noopener noreferrer\"><span class=\"uagb-inline-editing\">Saber M\u00e1s<\/span><\/a><\/p>\n<\/div>\n<\/div>\n\n\n\n<div class=\"wp-block-uagb-container uagb-block-46ad2123\">\n<div class=\"wp-block-uagb-image alignleft uagb-block-79a56dde wp-block-uagb-image--layout-default wp-block-uagb-image--effect-static wp-block-uagb-image--align-left\">\u00a0<\/div>\n<\/div>\n<\/div>\n<\/div>\n<\/div>\n<\/div>\n\n\n\n<div class=\"wp-block-uagb-container uagb-block-65ad5edb alignfull uagb-is-root-container\">\n<div class=\"uagb-container-inner-blocks-wrap\">\n<div class=\"wp-block-uagb-container uagb-block-b1e83b7a alignfull uagb-is-root-container\">\n<div class=\"uagb-container-inner-blocks-wrap\">\n<div class=\"wp-block-uagb-counter uagb-block-87014a3a wp-block-uagb-counter--number\">\n<div class=\"wp-block-uagb-counter__number\">\u00a0<\/div>\n<div class=\"wp-block-uagb-counter__title\">\u00a0<\/div>\n<\/div>\n\n\n\n<div class=\"wp-block-uagb-advanced-heading uagb-block-2d8f73e1\">\n<h2 class=\"uagb-heading-text\">\u00a1Comienza Tu Viaje en L\u00ednea con Nosotros Ahora!<\/h2>\n<\/div>\n\n\n\n<div class=\"wp-block-uagb-buttons uagb-buttons__outer-wrap uagb-btn__default-btn uagb-btn-tablet__default-btn uagb-btn-mobile__default-btn uagb-block-0c39ccc0\">\n<div class=\"uagb-buttons__wrap uagb-buttons-layout-wrap\">\n<div class=\"wp-block-uagb-buttons-child uagb-buttons__outer-wrap uagb-block-55ba2e4c wp-block-button\">\n<div class=\"uagb-button__wrapper\">\n<div class=\"uagb-button__link\">Comenzar<\/div>\n<\/div>\n<\/div>\n<\/div>\n<\/div>\n<\/div>\n<\/div>\n<\/div>\n<\/div>\n\t\t\t\t\t\t\t\t<\/div>\n\t\t\t\t\t<\/div>\n\t\t\t\t<\/div>\n\t\t<div class=\"elementor-element elementor-element-5091e77 e-flex e-con-boxed e-con e-parent\" data-id=\"5091e77\" data-element_type=\"container\" data-e-type=\"container\">\n\t\t\t\t\t<div class=\"e-con-inner\">\n\t\t\t\t<div class=\"elementor-element elementor-element-7d71991 elementor-widget elementor-widget-text-editor\" data-id=\"7d71991\" data-element_type=\"widget\" data-e-type=\"widget\" data-widget_type=\"text-editor.default\">\n\t\t\t\t\t\t\t\t\t<h2 style=\"text-align: left;\">Web Design Services in Wilmington NC<\/h2>\n<p>Coastal Web and Data Management provides professional web design services in Wilmington NC for small businesses in Brunswick and Pender County. Our bilingual EN\/ES websites are designed to attract local customers and grow your online presence.<\/p>\n<h2>Why Local Businesses Choose Us<\/h2>\n<p>We specialize in affordable web design starting at $400, monthly SEO management plans from $150\/month, and bilingual website solutions for the Hispanic community in Wilmington NC. Every site we build is mobile-friendly, fast, and optimized for Google search.<\/p>\n<h2>Serving Wilmington, Brunswick and Pender County<\/h2>\n<p>Whether you are in Wilmington, Leland, Bolivia, or Burgaw, our team is ready to help your business grow online. Contact us today for a free consultation.<\/p>\n<p>\u00a0<\/p>\t\t\t\t\t\t\t\t<\/div>\n\t\t\t\t\t<\/div>\n\t\t\t\t<\/div>\n\t\t\t\t<\/div>","protected":false},"excerpt":{"rendered":"<p>Start Your Online Journey with Us Now! Web Design Services in Wilmington NC Coastal Web and Data Management provides professional [&hellip;]<\/p>\n","protected":false},"author":1,"featured_media":0,"parent":0,"menu_order":0,"comment_status":"closed","ping_status":"closed","template":"","meta":{"_uag_custom_page_level_css":"","site-sidebar-layout":"default","site-content-layout":"","ast-site-content-layout":"default","site-content-style":"default","site-sidebar-style":"default","ast-global-header-display":"","ast-banner-title-visibility":"","ast-main-header-display":"","ast-hfb-above-header-display":"","ast-hfb-below-header-display":"","ast-hfb-mobile-header-display":"","site-post-title":"","ast-breadcrumbs-content":"","ast-featured-img":"","footer-sml-layout":"","ast-disable-related-posts":"","theme-transparent-header-meta":"","adv-header-id-meta":"","stick-header-meta":"","header-above-stick-meta":"","header-main-stick-meta":"","header-below-stick-meta":"","astra-migrate-meta-layouts":"default","ast-page-background-enabled":"default","ast-page-background-meta":{"desktop":{"background-color":"var(--ast-global-color-4)","background-image":"","background-repeat":"repeat","background-position":"center center","background-size":"auto","background-attachment":"scroll","background-type":"","background-media":"","overlay-type":"","overlay-color":"","overlay-opacity":"","overlay-gradient":""},"tablet":{"background-color":"","background-image":"","background-repeat":"repeat","background-position":"center center","background-size":"auto","background-attachment":"scroll","background-type":"","background-media":"","overlay-type":"","overlay-color":"","overlay-opacity":"","overlay-gradient":""},"mobile":{"background-color":"","background-image":"","background-repeat":"repeat","background-position":"center center","background-size":"auto","background-attachment":"scroll","background-type":"","background-media":"","overlay-type":"","overlay-color":"","overlay-opacity":"","overlay-gradient":""}},"ast-content-background-meta":{"desktop":{"background-color":"var(--ast-global-color-5)","background-image":"","background-repeat":"repeat","background-position":"center center","background-size":"auto","background-attachment":"scroll","background-type":"","background-media":"","overlay-type":"","overlay-color":"","overlay-opacity":"","overlay-gradient":""},"tablet":{"background-color":"var(--ast-global-color-5)","background-image":"","background-repeat":"repeat","background-position":"center center","background-size":"auto","background-attachment":"scroll","background-type":"","background-media":"","overlay-type":"","overlay-color":"","overlay-opacity":"","overlay-gradient":""},"mobile":{"background-color":"var(--ast-global-color-5)","background-image":"","background-repeat":"repeat","background-position":"center center","background-size":"auto","background-attachment":"scroll","background-type":"","background-media":"","overlay-type":"","overlay-color":"","overlay-opacity":"","overlay-gradient":""}},"footnotes":""},"class_list":["post-1248","page","type-page","status-publish","hentry"],"uagb_featured_image_src":{"full":false,"thumbnail":false,"medium":false,"medium_large":false,"large":false,"1536x1536":false,"2048x2048":false,"trp-custom-language-flag":false},"uagb_author_info":{"display_name":"ccastellanos","author_link":"https:\/\/coastalwebdata.com\/es\/author\/ccastellanos\/"},"uagb_comment_info":0,"uagb_excerpt":"Start Your Online Journey with Us Now! Web Design Services in Wilmington NC Coastal Web and Data Management provides professional [&hellip;]","_links":{"self":[{"href":"https:\/\/coastalwebdata.com\/es\/wp-json\/wp\/v2\/pages\/1248","targetHints":{"allow":["GET"]}}],"collection":[{"href":"https:\/\/coastalwebdata.com\/es\/wp-json\/wp\/v2\/pages"}],"about":[{"href":"https:\/\/coastalwebdata.com\/es\/wp-json\/wp\/v2\/types\/page"}],"author":[{"embeddable":true,"href":"https:\/\/coastalwebdata.com\/es\/wp-json\/wp\/v2\/users\/1"}],"replies":[{"embeddable":true,"href":"https:\/\/coastalwebdata.com\/es\/wp-json\/wp\/v2\/comments?post=1248"}],"version-history":[{"count":66,"href":"https:\/\/coastalwebdata.com\/es\/wp-json\/wp\/v2\/pages\/1248\/revisions"}],"predecessor-version":[{"id":1942,"href":"https:\/\/coastalwebdata.com\/es\/wp-json\/wp\/v2\/pages\/1248\/revisions\/1942"}],"wp:attachment":[{"href":"https:\/\/coastalwebdata.com\/es\/wp-json\/wp\/v2\/media?parent=1248"}],"curies":[{"name":"wp","href":"https:\/\/api.w.org\/{rel}","templated":true}]}}